{"id":21,"date":"2011-02-21T17:27:36","date_gmt":"2011-02-21T17:27:36","guid":{"rendered":"http:\/\/www.weber-king.at\/?page_id=21"},"modified":"2011-04-27T07:48:28","modified_gmt":"2011-04-27T07:48:28","slug":"mein-zuhause","status":"publish","type":"page","link":"http:\/\/www.weber-king.at\/?page_id=21","title":{"rendered":"Meine Heimatgemeinde"},"content":{"rendered":"<p><strong><a rel=\"attachment wp-att-246\" href=\"http:\/\/www.weber-king.at\/?attachment_id=246\"><img decoding=\"async\" loading=\"lazy\" class=\"alignright size-thumbnail wp-image-246\" title=\"Aquarell\" src=\"http:\/\/www.weber-king.at\/wp-content\/uploads\/Aquarell-123x150.jpg\" alt=\"\" width=\"123\" height=\"150\" srcset=\"http:\/\/www.weber-king.at\/wp-content\/uploads\/Aquarell-123x150.jpg 123w, http:\/\/www.weber-king.at\/wp-content\/uploads\/Aquarell-247x300.jpg 247w, http:\/\/www.weber-king.at\/wp-content\/uploads\/Aquarell-845x1024.jpg 845w, http:\/\/www.weber-king.at\/wp-content\/uploads\/Aquarell.jpg 1056w\" sizes=\"(max-width: 123px) 100vw, 123px\" \/><\/a>SCHWADORF heute:<\/strong><br \/>\nmodern, lebenswert und liebenswert &#8230;<\/p>\n<p>Die Marktgemeinde Schwadorf kann auf eine fast 900j\u00e4hrige Geschichte zur\u00fcckblicken: W\u00e4hrend der Besiedelung durch die Babenberger um 1100 wurde der Ort als Schwabensiedlung gegr\u00fcndet &#8211; von daher stammt auch der Name Schwadorf. Jahrhundertelang geh\u00f6rte der Ort als Herrschaft zum Bistum Passau, hatte eine eigene Gerichtsbarkeit und im 15. Jahrhundert bereits einmal das Marktrecht.<strong><a rel=\"attachment wp-att-250\" href=\"http:\/\/www.weber-king.at\/?attachment_id=250\"><img decoding=\"async\" loading=\"lazy\" class=\"alignright size-thumbnail wp-image-250\" title=\"2011-04-05@08.32.56-1\" src=\"http:\/\/www.weber-king.at\/wp-content\/uploads\/2011-04-05@08.32.56-1-150x103.jpg\" alt=\"\" width=\"150\" height=\"103\" srcset=\"http:\/\/www.weber-king.at\/wp-content\/uploads\/2011-04-05@08.32.56-1-150x103.jpg 150w, http:\/\/www.weber-king.at\/wp-content\/uploads\/2011-04-05@08.32.56-1-300x207.jpg 300w, http:\/\/www.weber-king.at\/wp-content\/uploads\/2011-04-05@08.32.56-1.jpg 877w\" sizes=\"(max-width: 150px) 100vw, 150px\" \/><\/a><\/strong><\/p>\n<p>Mit der Industrialisierung im sp\u00e4ten 18. und fr\u00fchen 19. Jahrhundert entstand in Schwadorf ein gro\u00dfer Textilbetrieb (ca. 1802). In der Folge siedelten sich zahlreiche Wanderarbeiter aus allen Teilen der Donaumonarchie an.\u00a0Direkt neben der Baumwollspinnerei entstanden an die 100 Werkswohnungen und Schwadorf wandelte sich allm\u00e4hlich von einem Bauerndorf zu <strong><a rel=\"attachment wp-att-262\" href=\"http:\/\/www.weber-king.at\/?attachment_id=262\"><img decoding=\"async\" loading=\"lazy\" class=\"alignright size-thumbnail wp-image-262\" title=\"Gemeindeamt\" src=\"http:\/\/www.weber-king.at\/wp-content\/uploads\/Gemeindeamt-150x108.jpg\" alt=\"\" width=\"150\" height=\"108\" srcset=\"http:\/\/www.weber-king.at\/wp-content\/uploads\/Gemeindeamt-150x108.jpg 150w, http:\/\/www.weber-king.at\/wp-content\/uploads\/Gemeindeamt-300x217.jpg 300w, http:\/\/www.weber-king.at\/wp-content\/uploads\/Gemeindeamt-1024x741.jpg 1024w\" sizes=\"(max-width: 150px) 100vw, 150px\" \/><\/a><\/strong>einer bedeutenden Industriegemeinde.<\/p>\n<p>l927 kam es zu einer Katastrophe, bei der viel von den noch vorhandenen Strukturen zerst\u00f6rt wurde: Das Erdbeben von Schwadorf ging in die \u00f6sterreichische Geschichte ein.<strong><a rel=\"attachment wp-att-248\" href=\"http:\/\/www.weber-king.at\/?attachment_id=248\"><img decoding=\"async\" loading=\"lazy\" class=\"alignright size-thumbnail wp-image-248\" title=\"2011-04-05@08.31.55\" src=\"http:\/\/www.weber-king.at\/wp-content\/uploads\/2011-04-05@08.31.55-150x108.jpg\" alt=\"\" width=\"150\" height=\"108\" srcset=\"http:\/\/www.weber-king.at\/wp-content\/uploads\/2011-04-05@08.31.55-150x108.jpg 150w, http:\/\/www.weber-king.at\/wp-content\/uploads\/2011-04-05@08.31.55-300x216.jpg 300w, http:\/\/www.weber-king.at\/wp-content\/uploads\/2011-04-05@08.31.55.jpg 786w\" sizes=\"(max-width: 150px) 100vw, 150px\" \/><\/a><\/strong><\/p>\n<p>l938 schaffte Hitler, was das Erdbeben nicht geschafft hatte: Die Gemeinde wurde ihrer Selbst\u00e4ndigkeit beraubt und dem sogenannten Gro\u00dfwien eingegliedert.<\/p>\n<p>Seit der Wiederselbst\u00e4ndigkeit im Jahre 1954 hat die Gemeinde enormen Aufschwung <strong><a rel=\"attachment wp-att-247\" href=\"http:\/\/www.weber-king.at\/?attachment_id=247\"><img decoding=\"async\" loading=\"lazy\" class=\"alignright size-thumbnail wp-image-247\" title=\"2011-04-05@08.31.19-1\" src=\"http:\/\/www.weber-king.at\/wp-content\/uploads\/2011-04-05@08.31.19-1-150x115.jpg\" alt=\"\" width=\"150\" height=\"115\" srcset=\"http:\/\/www.weber-king.at\/wp-content\/uploads\/2011-04-05@08.31.19-1-150x115.jpg 150w, http:\/\/www.weber-king.at\/wp-content\/uploads\/2011-04-05@08.31.19-1-300x231.jpg 300w, http:\/\/www.weber-king.at\/wp-content\/uploads\/2011-04-05@08.31.19-1.jpg 783w\" sizes=\"(max-width: 150px) 100vw, 150px\" \/><\/a><\/strong>erfahren. Sie entwickelte sich &#8211;\u00a0 im Mittelpunkt des Fischatales an der Schnittstelle der Budapester Bundesstra\u00dfe und der Landeshauptstra\u00dfe 156 gelegen &#8211; zu einem zentralen Ort dieser Region.<\/p>\n<p>Durch die Markterhebung im Jahre 1989 fand die positive Entwicklung auch die Anerkennung des N\u00d6 Landtages. Das Wappen der Marktgemeinde Schwadorf zeigt in einem gespaltenen Schild einen roten aufsteigenden Wolf als Sinnbild der \u00a0Zugeh\u00f6rigkeit des Gemeindegebietes zur Herrschaft des Bistums Passau und unterstreicht damit die Bedeutung der 700 Jahre bestehenden kulturellen und wirtschaftlichen Verbindung. Zwei silberne Webspindeln weisen auf diefr\u00fche Entstehung eines Textilbetriebes zu Beginn des Zeitalters der Industrialisierung hin.\u00a0Die im blauen Feld <strong><a rel=\"attachment wp-att-256\" href=\"http:\/\/www.weber-king.at\/?attachment_id=256\"><img decoding=\"async\" loading=\"lazy\" class=\"alignright size-thumbnail wp-image-256\" title=\"wappen\" src=\"http:\/\/www.weber-king.at\/wp-content\/uploads\/wappen-150x150.jpg\" alt=\"\" width=\"116\" height=\"116\" srcset=\"http:\/\/www.weber-king.at\/wp-content\/uploads\/wappen-150x150.jpg 150w, http:\/\/www.weber-king.at\/wp-content\/uploads\/wappen-300x300.jpg 300w, http:\/\/www.weber-king.at\/wp-content\/uploads\/wappen.jpg 432w\" sizes=\"(max-width: 116px) 100vw, 116px\" \/><\/a><\/strong>dargestellten silbemen Fische stellen die geographische:Lage der Marktgemeinde im Fischatal dar. Dieses Marktwappen wurde anl\u00e4sslich der Markterhebung am 3. Juli 1989 vom N\u00d6 Landtagverlie<a rel=\"attachment wp-att-249\" href=\"http:\/\/www.weber-king.at\/?attachment_id=249\"><img decoding=\"async\" loading=\"lazy\" class=\"alignright size-thumbnail wp-image-249\" title=\"2011-04-05@08.32.25\" src=\"http:\/\/www.weber-king.at\/wp-content\/uploads\/2011-04-05@08.32.25-150x103.jpg\" alt=\"\" width=\"150\" height=\"103\" srcset=\"http:\/\/www.weber-king.at\/wp-content\/uploads\/2011-04-05@08.32.25-150x103.jpg 150w, http:\/\/www.weber-king.at\/wp-content\/uploads\/2011-04-05@08.32.25-300x207.jpg 300w, http:\/\/www.weber-king.at\/wp-content\/uploads\/2011-04-05@08.32.25.jpg 785w\" sizes=\"(max-width: 150px) 100vw, 150px\" \/><\/a>hen.<\/p>\n","protected":false},"excerpt":{"rendered":"<p>SCHWADORF heute: modern, lebenswert und liebenswert &#8230; Die Marktgemeinde Schwadorf kann auf eine fast 900j\u00e4hrige Geschichte zur\u00fcckblicken: W\u00e4hrend der Besiedelung durch die Babenberger um 1100 wurde der Ort als Schwabensiedlung gegr\u00fcndet &#8211; von daher stammt auch der Name Schwadorf. Jahrhundertelang &hellip; <a href=\"http:\/\/www.weber-king.at\/?page_id=21\">Weiterlesen <span class=\"meta-nav\">&rarr;<\/span><\/a><\/p>\n","protected":false},"author":1,"featured_media":0,"parent":0,"menu_order":1,"comment_status":"closed","ping_status":"open","template":"","meta":[],"_links":{"self":[{"href":"http:\/\/www.weber-king.at\/index.php?rest_route=\/wp\/v2\/pages\/21"}],"collection":[{"href":"http:\/\/www.weber-king.at\/index.php?rest_route=\/wp\/v2\/pages"}],"about":[{"href":"http:\/\/www.weber-king.at\/index.php?rest_route=\/wp\/v2\/types\/page"}],"author":[{"embeddable":true,"href":"http:\/\/www.weber-king.at\/index.php?rest_route=\/wp\/v2\/users\/1"}],"replies":[{"embeddable":true,"href":"http:\/\/www.weber-king.at\/index.php?rest_route=%2Fwp%2Fv2%2Fcomments&post=21"}],"version-history":[{"count":14,"href":"http:\/\/www.weber-king.at\/index.php?rest_route=\/wp\/v2\/pages\/21\/revisions"}],"predecessor-version":[{"id":357,"href":"http:\/\/www.weber-king.at\/index.php?rest_route=\/wp\/v2\/pages\/21\/revisions\/357"}],"wp:attachment":[{"href":"http:\/\/www.weber-king.at\/index.php?rest_route=%2Fwp%2Fv2%2Fmedia&parent=21"}],"curies":[{"name":"wp","href":"https:\/\/api.w.org\/{rel}","templated":true}]}}