{"id":110,"date":"2011-02-21T18:17:10","date_gmt":"2011-02-21T18:17:10","guid":{"rendered":"http:\/\/www.weber-king.at\/?page_id=110"},"modified":"2026-04-02T14:01:29","modified_gmt":"2026-04-02T14:01:29","slug":"uber-mich","status":"publish","type":"page","link":"https:\/\/www.weber-king.at\/","title":{"rendered":"\u00dcber mich"},"content":{"rendered":"<p><strong><em>Willkommen auf meiner Homepage !<\/em><\/strong><strong><em><a href=\"http:\/\/www.weber-king.at\/?attachment_id=171\" rel=\"attachment wp-att-171\"><img decoding=\"async\" loading=\"lazy\" class=\"alignright size-thumbnail wp-image-171\" title=\"CIMG2128\" src=\"http:\/\/www.weber-king.at\/wp-content\/uploads\/CIMG21281-100x150.jpg\" alt=\"\" width=\"100\" height=\"147\" \/><\/a><\/em><\/strong><\/p>\n<p><strong><em>Hallo Zuchtfreunde !<\/em><\/strong><\/p>\n<p><strong><em>Meine Kingtauben und ich wohnen in Schwadorf, keine 15 km s\u00fcd\u00f6stlich von Wien, 6 km vom Vienna International Airport, wo ich seit mittlerweilen 37 Jahren besch\u00e4ftigt bin und ca. 25 km vom sch\u00f6nen <\/em><\/strong><strong><em>Neusiedlersee entfernt.\u00a0Sozusagen\u00a0\u00a0im Drei-Bundesl\u00e4ndereck\u00a0 Wien- <\/em><\/strong><strong><em>Nieder\u00f6sterreich-Burgenland\u00a0. Auch die Nachbarstaaten Ungarn und Slowakei sind nur <\/em><\/strong><strong><em>etwa <\/em><\/strong><strong><em>30 km entfernt.\u00a0 Ich bin am 4. M\u00e4rz 1967 in Wien geboren und besch\u00e4ftige mich seit meiner Kindheit mit Tieren, vor allem mit V\u00f6gel aller Art und auch der Falknerei.\u00a0\u00a0Im Jahr 1983, im Alter von 15 Jahren,\u00a0kam <\/em><\/strong><strong><em>ich \u00fcber einen Bekannten zur Taubenzucht, meine Wahl fiel <\/em><\/strong><strong><em><a href=\"http:\/\/www.weber-king.at\/?attachment_id=393\" rel=\"attachment wp-att-393\"><img decoding=\"async\" loading=\"lazy\" class=\"alignright size-full wp-image-393\" title=\"King A\" src=\"http:\/\/www.weber-king.at\/wp-content\/uploads\/King-A-e1306498035931.jpg\" alt=\"\" width=\"107\" height=\"103\" \/><\/a><\/em><\/strong><strong><em>auf Kingtauben. Im selben Jahr trat ich meinem Ortsverein\u00a0\u00a0 N2 Fischamen<\/em><\/strong><strong><em>d bei <\/em><\/strong><strong><em>und stelle seither meine Tauben aus. 1992 trat ich dem Sonderverein der Kingtaubenz\u00fcchter \u00d6sterreichs bei, <\/em><\/strong><strong><em>1997\u00a0dem King Club Deutschland ,Bezirk I und seit 2010 bin ich auch im Ungarischen King-Club\u00a0 Mitglied.<\/em><\/strong><\/p>\n<p><strong><em>Im Jahr 2006 habe ich die Preisrichterpr\u00fcfung abgelegt und bewerte seitdem auf Bundes-, Landes- und Vereinsschauen in \u00d6sterreich, in <\/em><\/strong><strong><em>Deutschland auf Haupt-Bezirks- und Jungtierschauen des KCD. Auch bei den deutschen BS und VDT Schauen bin ich immer wieder als Sonderrichter f\u00fcr Kingtauben verpflichtet. Im KCD Bezirk 1 Bayern S\u00fcd bin ich 1.Zuchtwart\u00a0 und im SV E55 der Kingtaubenz\u00fcchter \u00d6sterreichs Obmann (erster <\/em><\/strong><strong><em><a href=\"http:\/\/www.weber-king.at\/?attachment_id=394\" rel=\"attachment wp-att-394\"><img decoding=\"async\" loading=\"lazy\" class=\"alignright size-full wp-image-394\" title=\"King B\" src=\"http:\/\/www.weber-king.at\/wp-content\/uploads\/King-B-e1306497994743.jpg\" alt=\"\" width=\"106\" height=\"103\" \/><\/a><\/em><\/strong><strong><em>Vorsitzender) und vertrete den SV auch im Ausland.<\/em><\/strong><\/p>\n<p><strong><em>Meine ersten King waren wei\u00dfe, sp\u00e4ter kamen\u00a0schwarze\u00a0und blaue dazu. Einige Jahre z\u00fcchtete ich auch\u00a0den interessanten Farbenschlag blauschimmel.\u00a0\u00a0Ab 1992 begann ich mit der Zucht von Braunfahlen und <\/em><\/strong><strong><em>nach deren Anerkennung auch Braune und Braunfahlgeh\u00e4mmerte. Seit mehr als 25 Jahre z\u00fcchte ich nun ausschlie\u00dflich King der Braunreihe, seit mind. 15 Jahren auch in gescheckt und getigert, und das mit sehr gro\u00dfem Erfolg, wie die zahlreichen B\u00e4nder und Diplome sowie Bundes- und Landesmeistertitel beweisen. Meine Braunschecken\/Tiger haben bei der VDT Schau in Erfurt 2025 zur Anerkennung dieser &#8222;neuen&#8220; Farbenschl\u00e4ge bzw. Zeichnungen in Deutschland, erheblich beigetragen.<\/em><\/strong><\/p>\n<p><strong><em>Kingtauben beeinflussen mein Leben seit fr\u00fchester Jugend, der Umgang mit dieser faszinierenden Taubenrasse macht Freude und Spa\u00df, ist aber auch\u00a0eine gro\u00dfe Herausvorderung. Jedes Jahr aufs Neue erwartet\u00a0ich die <\/em><\/strong><strong><em><a href=\"http:\/\/www.weber-king.at\/?attachment_id=384\" rel=\"attachment wp-att-384\"><img decoding=\"async\" loading=\"lazy\" class=\"alignright size-full wp-image-384\" title=\"Magyar King Club\" src=\"http:\/\/www.weber-king.at\/wp-content\/uploads\/Magyar-King-Club-e1306478332669.jpg\" alt=\"\" width=\"100\" height=\"103\" \/><\/a><\/em><\/strong><strong><em>Nachzucht mit Spannung und unterziehe die Jungtauben kritischen Blicken. Wenn dann das eine oder andere Ass dabei ist, geht\u00a0mir das Herz auf vor Freude. Wenn diese Tiere dann noch Preise erringen dann ist das Gl\u00fcck perfekt und alle\u00a0M\u00fchen vergessen, die ich\u00a0im Laufe eines Zuchtjahres auf mich genommen habe.\u00a0 Ich w\u00fcnsche Euch auch so viel Freude und Erfolg mit &#8222;unseren&#8220;Kingtauben.<\/em><\/strong><\/p>\n<p><strong><em>Mit freundlichem Z\u00fcchtergru\u00df\u00a0\u00a0 Gustav Weber<\/em><\/strong><\/p>\n<p><strong><em>\u00a0<\/em><\/strong><\/p>\n","protected":false},"excerpt":{"rendered":"<p>Willkommen auf meiner Homepage ! Hallo Zuchtfreunde ! Meine Kingtauben und ich wohnen in Schwadorf, keine 15 km s\u00fcd\u00f6stlich von Wien, 6 km vom Vienna International Airport, wo ich seit mittlerweilen 37 Jahren besch\u00e4ftigt bin und ca. 25 km vom &hellip; <a href=\"https:\/\/www.weber-king.at\/\">Weiterlesen <span class=\"meta-nav\">&rarr;<\/span><\/a><\/p>\n","protected":false},"author":1,"featured_media":0,"parent":0,"menu_order":0,"comment_status":"closed","ping_status":"open","template":"","meta":[],"_links":{"self":[{"href":"https:\/\/www.weber-king.at\/index.php?rest_route=\/wp\/v2\/pages\/110"}],"collection":[{"href":"https:\/\/www.weber-king.at\/index.php?rest_route=\/wp\/v2\/pages"}],"about":[{"href":"https:\/\/www.weber-king.at\/index.php?rest_route=\/wp\/v2\/types\/page"}],"author":[{"embeddable":true,"href":"https:\/\/www.weber-king.at\/index.php?rest_route=\/wp\/v2\/users\/1"}],"replies":[{"embeddable":true,"href":"https:\/\/www.weber-king.at\/index.php?rest_route=%2Fwp%2Fv2%2Fcomments&post=110"}],"version-history":[{"count":49,"href":"https:\/\/www.weber-king.at\/index.php?rest_route=\/wp\/v2\/pages\/110\/revisions"}],"predecessor-version":[{"id":1254,"href":"https:\/\/www.weber-king.at\/index.php?rest_route=\/wp\/v2\/pages\/110\/revisions\/1254"}],"wp:attachment":[{"href":"https:\/\/www.weber-king.at\/index.php?rest_route=%2Fwp%2Fv2%2Fmedia&parent=110"}],"curies":[{"name":"wp","href":"https:\/\/api.w.org\/{rel}","templated":true}]}}