{"id":40,"date":"2011-02-21T17:34:12","date_gmt":"2011-02-21T17:34:12","guid":{"rendered":"http:\/\/www.weber-king.at\/?page_id=40"},"modified":"2012-08-29T11:22:21","modified_gmt":"2012-08-29T11:22:21","slug":"gastebuch","status":"publish","type":"page","link":"https:\/\/www.weber-king.at\/?page_id=40","title":{"rendered":"G\u00e4stebuch"},"content":{"rendered":"<p>Hier k\u00f6nnen Sie sich im G\u00e4stebuch eintragen.<\/p>\n","protected":false},"excerpt":{"rendered":"<p>Hier k\u00f6nnen Sie sich im G\u00e4stebuch eintragen.<\/p>\n","protected":false},"author":1,"featured_media":0,"parent":0,"menu_order":120,"comment_status":"open","ping_status":"open","template":"","meta":[],"_links":{"self":[{"href":"https:\/\/www.weber-king.at\/index.php?rest_route=\/wp\/v2\/pages\/40"}],"collection":[{"href":"https:\/\/www.weber-king.at\/index.php?rest_route=\/wp\/v2\/pages"}],"about":[{"href":"https:\/\/www.weber-king.at\/index.php?rest_route=\/wp\/v2\/types\/page"}],"author":[{"embeddable":true,"href":"https:\/\/www.weber-king.at\/index.php?rest_route=\/wp\/v2\/users\/1"}],"replies":[{"embeddable":true,"href":"https:\/\/www.weber-king.at\/index.php?rest_route=%2Fwp%2Fv2%2Fcomments&post=40"}],"version-history":[{"count":7,"href":"https:\/\/www.weber-king.at\/index.php?rest_route=\/wp\/v2\/pages\/40\/revisions"}],"predecessor-version":[{"id":682,"href":"https:\/\/www.weber-king.at\/index.php?rest_route=\/wp\/v2\/pages\/40\/revisions\/682"}],"wp:attachment":[{"href":"https:\/\/www.weber-king.at\/index.php?rest_route=%2Fwp%2Fv2%2Fmedia&parent=40"}],"curies":[{"name":"wp","href":"https:\/\/api.w.org\/{rel}","templated":true}]}}